{"id":1393,"date":"2024-09-17T15:44:00","date_gmt":"2024-09-17T12:44:00","guid":{"rendered":"https:\/\/tassut.fi\/?page_id=1393"},"modified":"2025-05-12T13:56:44","modified_gmt":"2025-05-12T10:56:44","slug":"tietosuojaseloste","status":"publish","type":"page","link":"https:\/\/tassut.fi\/en\/tietosuojaseloste\/","title":{"rendered":"Before Care"},"content":{"rendered":"<p>[et_pb_section fb_built=&#8221;1&#8243; _builder_version=&#8221;4.27.0&#8243; _module_preset=&#8221;default&#8221; background_enable_color=&#8221;off&#8221; global_colors_info=&#8221;{}&#8221;][et_pb_row _builder_version=&#8221;4.27.0&#8243; _module_preset=&#8221;default&#8221; width=&#8221;81%&#8221; width_tablet=&#8221;80%&#8221; width_phone=&#8221;80%&#8221; width_last_edited=&#8221;on|phone&#8221; custom_padding=&#8221;85px||||false|false&#8221; global_colors_info=&#8221;{}&#8221;][et_pb_column type=&#8221;4_4&#8243; _builder_version=&#8221;4.27.0&#8243; _module_preset=&#8221;default&#8221; global_colors_info=&#8221;{}&#8221;][et_pb_text _builder_version=&#8221;4.27.0&#8243; _module_preset=&#8221;default&#8221; header_text_align=&#8221;left&#8221; header_2_font_size=&#8221;35px&#8221; header_2_line_height=&#8221;1.2em&#8221; width=&#8221;68%&#8221; width_tablet=&#8221;100%&#8221; width_phone=&#8221;100%&#8221; width_last_edited=&#8221;on|phone&#8221; module_alignment=&#8221;left&#8221; custom_margin=&#8221;51px||61px|||&#8221; custom_margin_tablet=&#8221;51px|||||&#8221; custom_margin_phone=&#8221;0px||||false|false&#8221; custom_margin_last_edited=&#8221;on|phone&#8221; header_2_font_size_tablet=&#8221;40px&#8221; header_2_font_size_phone=&#8221;28px&#8221; header_2_font_size_last_edited=&#8221;on|phone&#8221; global_colors_info=&#8221;{}&#8221;]<\/p>\n<h2 style=\"text-align: left;\">Privacy Policy<\/h2>\n<p>[\/et_pb_text][et_pb_text _builder_version=&#8221;4.27.4&#8243; _module_preset=&#8221;default&#8221; hover_enabled=&#8221;0&#8243; global_colors_info=&#8221;{}&#8221; sticky_enabled=&#8221;0&#8243;]<\/p>\n<h5>1. Registrar<\/h5>\n<p>Name: Primglobal Oy \/ Lemmikkihotelli Tassu &amp; Tassu<br \/>Business ID: 3281462-3<br \/>Address: Hiekkakiventie 2<br \/>Postcode: 01700<br \/>Post office: Vantaa<br \/>Phone number: +358 400 706 254<br \/>Email: krister@primglobal.fi<\/p>\n<p>&nbsp;<\/p>\n<h5>2. In Charge Of The Register<\/h5>\n<p>Company: Lemmikkihotelli Tassu &amp; Tassu Oy<br \/>Address: Tulvaniityntie 1<br \/>Postcode: 00650<br \/>Post office: Helsinki<br \/>Phone number: +358 400 706 254<br \/>Email: krister@primglobal.fi<\/p>\n<p>&nbsp;<\/p>\n<h5>3. Data Protection Officer<\/h5>\n<p>Company: Lemmikkihotelli Tassu &amp; Tassu Oy<br \/>Address: Tulvaniityntie 1<br \/>Postcode: 00650<br \/>Post office: Helsinki<br \/>Phone number: +358 400 706 254<br \/>Email: krister@primglobal.fi<\/p>\n<p>&nbsp;<\/p>\n<h5>4. Purpose Of The Register<\/h5>\n<p>Customer data is collected for customer relationship management, appointment management, payment transaction processing, customer feedback collection and possible direct marketing.<\/p>\n<p>&nbsp;<\/p>\n<h5>5. Basis For Collecting And Processing Data<\/h5>\n<p>Customer data is collected and processed with the customer's consent, or to implement a contract with the customer.<\/p>\n<p>&nbsp;<\/p>\n<h5>6. Data Content Of The Register<\/h5>\n<p>Client's first and last name, address, phone number and email.<\/p>\n<p>Additional contact person's first and last name and phone number.<\/p>\n<p>Pet's name, birth year, weight, breed, possible illnesses and medications and insurance company.<\/p>\n<p>&nbsp;<\/p>\n<h5>7. Data Retention Period<\/h5>\n<p>Personal data is retained for the duration of the customer relationship and for a maximum of two (2) years after its termination, unless legislation requires longer retention.<\/p>\n<p>&nbsp;<\/p>\n<h5>8. Sources Of Information<\/h5>\n<p>From the person themselves. From registers kept by the authority within the limits permitted by law (e.g. ytj.fi). Data is also collected using the Google Analytics analytics tool and from the iZettle customer register.<\/p>\n<p>&nbsp;<\/p>\n<h5>9. Regular Data Disclosures And Data Transfers Outside The EU Or The European Economic Area<\/h5>\n<p>Information is not regularly disclosed outside the company. Some of the external service or software providers used by the company may store data outside the EU or the European Economic Area.<\/p>\n<p>&nbsp;<\/p>\n<h5>10. Cookies<\/h5>\n<p>We use a so-called cookie function on our website. A cookie is a small text file that is sent to and stored on the user's computer, which enables the website administrator to identify frequent visitors to the website, make it easier for visitors to log in to the website, and enable the compilation of aggregate information about visitors. This feedback allows us to continuously improve the content of our website. Cookies do not harm users' computers or files. We use them so that we can offer our customers information and services that meet their individual needs.<\/p>\n<p>If a user visiting our website does not want us to receive the above information via cookies, most browsers allow the cookie function to be disabled. This is usually done through the browser settings.<br \/>However, it is good to note that cookies may be necessary for the proper functioning of some of the pages we maintain and the services we offer.<\/p>\n<p>&nbsp;<\/p>\n<h5>11. Registry Protection<\/h5>\n<p>The data is transferred over an SSL-secured connection.<br \/>Electronic data is protected by a firewall, usernames and passwords.<br \/>Only those persons employed by the controller who need the information for their duties have access to the data.<\/p>\n<p>&nbsp;<\/p>\n<h5>12. Automated Decisions<\/h5>\n<p>No automated individual decisions (Article 22 of the EU Data Protection Regulation) are made.<\/p>\n<p>&nbsp;<\/p>\n<h5>13. Data Subject Rights<\/h5>\n<p>The data subject has the right to check what information about them has been stored in the personal data register. A written request for inspection must be sent signed, to the person responsible for the register.<\/p>\n<p>The right to inspect is free of charge and can be carried out no more than once a year.<\/p>\n<p>The data subject has the right to request the rectification or erasure of inaccurate or outdated data, or the transfer of data from one system to another. They also have the right to restrict or object to the processing of their data in accordance with Articles 18 and 21 of the EU General Data Protection Regulation.<\/p>\n<p>The data subject has the right to withdraw previously given consent to the processing of data or to file a complaint with the supervisory authority regarding matters related to the processing of their personal data.<\/p>\n<p>The data subject also has the right to prohibit the use of their data for direct marketing purposes.<\/p>\n<p>[\/et_pb_text][\/et_pb_column][\/et_pb_row][\/et_pb_section]<\/p>","protected":false},"excerpt":{"rendered":"<p>Tietosuojaseloste1. Rekisterinpit\u00e4j\u00e4 Nimi: Primglobal Oy \/ Lemmikkihotelli Tassu &amp; TassuY-tunnus: 3281462-3Osoite: Hiekkakiventie 2Postinumero: 01700Postitoimipaikka: VantaaPuhelinnumero: +358 400 706 254S\u00e4hk\u00f6postiosoite: krister@primglobal.fi &nbsp; 2. Rekisteriasioita hoitava henkil\u00f6 Yritys: Lemmikkihotelli Tassu &amp; Tassu OyOsoite: Tulvaniityntie 1Postinumero: 00650Postitoimipaikka: HelsinkiPuhelinnumero: +358 400 706 254S\u00e4hk\u00f6posti: krister@primglobal.fi &nbsp; 3. Tietosuojavastaava Yritys: Lemmikkihotelli Tassu &amp; Tassu OyOsoite: Tulvaniityntie 1Postinumero: 00650Postitoimipaikka: HelsinkiPuhelinnumero: +358 400 [&hellip;]<\/p>","protected":false},"author":1,"featured_media":0,"parent":0,"menu_order":0,"comment_status":"closed","ping_status":"closed","template":"","meta":{"_acf_changed":false,"_et_pb_use_builder":"on","_et_pb_old_content":"","_et_gb_content_width":"","footnotes":""},"class_list":["post-1393","page","type-page","status-publish","hentry"],"acf":[],"_links":{"self":[{"href":"https:\/\/tassut.fi\/en\/wp-json\/wp\/v2\/pages\/1393","targetHints":{"allow":["GET"]}}],"collection":[{"href":"https:\/\/tassut.fi\/en\/wp-json\/wp\/v2\/pages"}],"about":[{"href":"https:\/\/tassut.fi\/en\/wp-json\/wp\/v2\/types\/page"}],"author":[{"embeddable":true,"href":"https:\/\/tassut.fi\/en\/wp-json\/wp\/v2\/users\/1"}],"replies":[{"embeddable":true,"href":"https:\/\/tassut.fi\/en\/wp-json\/wp\/v2\/comments?post=1393"}],"version-history":[{"count":12,"href":"https:\/\/tassut.fi\/en\/wp-json\/wp\/v2\/pages\/1393\/revisions"}],"predecessor-version":[{"id":1862,"href":"https:\/\/tassut.fi\/en\/wp-json\/wp\/v2\/pages\/1393\/revisions\/1862"}],"wp:attachment":[{"href":"https:\/\/tassut.fi\/en\/wp-json\/wp\/v2\/media?parent=1393"}],"curies":[{"name":"wp","href":"https:\/\/api.w.org\/{rel}","templated":true}]}}