{"id":1696,"date":"2025-03-27T17:14:54","date_gmt":"2025-03-27T15:14:54","guid":{"rendered":"https:\/\/tassut.fi\/?page_id=1696"},"modified":"2026-03-25T09:59:40","modified_gmt":"2026-03-25T07:59:40","slug":"hinnasto","status":"publish","type":"page","link":"https:\/\/tassut.fi\/en\/hinnasto\/","title":{"rendered":"Pricing"},"content":{"rendered":"<p>[et_pb_section fb_built=&#8221;1&#8243; fullwidth=&#8221;on&#8221; _builder_version=&#8221;4.27.0&#8243; _module_preset=&#8221;default&#8221; background_enable_color=&#8221;off&#8221; background_enable_image=&#8221;off&#8221; background_blend=&#8221;overlay&#8221; global_colors_info=&#8221;{}&#8221;][et_pb_fullwidth_header title=&#8221;Hinnasto&#8221; text_orientation=&#8221;center&#8221; content_max_width=&#8221;82%&#8221; content_max_width_tablet=&#8221;82%&#8221; content_max_width_phone=&#8221;100%&#8221; content_max_width_last_edited=&#8221;on|phone&#8221; _builder_version=&#8221;4.27.4&#8243; _module_preset=&#8221;default&#8221; title_font=&#8221;||||on|||#FFFFFF|&#8221; title_text_color=&#8221;#FFFFFF&#8221; content_text_align=&#8221;center&#8221; content_text_color=&#8221;#FFFFFF&#8221; content_font_size=&#8221;22px&#8221; content_line_height=&#8221;1.4em&#8221; background_color=&#8221;#b2d138&#8243; background_enable_image=&#8221;off&#8221; background_position=&#8221;top_center&#8221; background_blend=&#8221;overlay&#8221; custom_button_one=&#8221;on&#8221; button_one_text_size=&#8221;18px&#8221; button_one_text_color=&#8221;#000000&#8243; button_one_bg_color=&#8221;#b2d138&#8243; button_one_border_width=&#8221;0px&#8221; button_one_border_radius=&#8221;21px&#8221; width_tablet=&#8221;&#8221; width_phone=&#8221;100%&#8221; width_last_edited=&#8221;on|phone&#8221; min_height=&#8221;504px&#8221; custom_margin_tablet=&#8221;&#8221; custom_margin_phone=&#8221;|0px||0px|false|true&#8221; custom_margin_last_edited=&#8221;on|phone&#8221; custom_padding=&#8221;214px||0px||false|false&#8221; custom_padding_tablet=&#8221;200px||13px||false|false&#8221; custom_padding_phone=&#8221;120px|0px|46px|0px|false|true&#8221; custom_padding_last_edited=&#8221;on|phone&#8221; title_font_size_tablet=&#8221;57px&#8221; title_font_size_phone=&#8221;36px&#8221; title_font_size_last_edited=&#8221;on|tablet&#8221; global_colors_info=&#8221;{}&#8221;]<\/p>\n<p style=\"text-align: center;\">Check out our pet hotel's affordable and competitive prices. We offer flexible options to suit all kinds of needs.<\/p>\n<p>&nbsp;<\/p>\n<p>[\/et_pb_fullwidth_header][\/et_pb_section][et_pb_section fb_built=&#8221;1&#8243; _builder_version=&#8221;4.27.0&#8243; _module_preset=&#8221;default&#8221; background_enable_color=&#8221;off&#8221; min_height=&#8221;752.2px&#8221; global_colors_info=&#8221;{}&#8221;][et_pb_row column_structure=&#8221;1_2,1_2&#8243; _builder_version=&#8221;4.27.4&#8243; _module_preset=&#8221;default&#8221; background_enable_color=&#8221;off&#8221; min_height=&#8221;334.3px&#8221; global_colors_info=&#8221;{}&#8221;][et_pb_column type=&#8221;1_2&#8243; _builder_version=&#8221;4.27.4&#8243; _module_preset=&#8221;default&#8221; global_colors_info=&#8221;{}&#8221;][et_pb_text _builder_version=&#8221;4.27.4&#8243; _module_preset=&#8221;default&#8221; global_colors_info=&#8221;{}&#8221;]<\/p>\n<p style=\"text-align: center;\"><span style=\"text-decoration: underline;\"><strong>DOGS:<\/strong><\/span><\/p>\n<p>[\/et_pb_text][et_pb_text _builder_version=&#8221;4.27.4&#8243; _module_preset=&#8221;default&#8221; background_color=&#8221;#b2d138&#8243; global_colors_info=&#8221;{}&#8221;]<\/p>\n<p style=\"text-align: center;\">Daycare between 07-19<\/p>\n<table border=\"1\" style=\"border-collapse: collapse; width: 100%; height: 233px;\">\n<tbody>\n<tr style=\"height: 48px;\">\n<td style=\"width: 35.356%; height: 48px;\"><\/td>\n<td style=\"width: 11.3673%; height: 48px; text-align: center;\">One dog<\/td>\n<td style=\"width: 11.3673%; text-align: center; height: 48px;\">Multiple dogs<\/td>\n<\/tr>\n<tr style=\"height: 24px;\">\n<td style=\"width: 35.356%; height: 24px;\">1-4h period<\/td>\n<td style=\"width: 11.3673%; height: 24px; text-align: center;\"><span>25\u20ac<\/span><\/td>\n<td style=\"width: 11.3673%; text-align: center; height: 24px;\"><span>40\u20ac<\/span><\/td>\n<\/tr>\n<tr style=\"height: 48px;\">\n<td style=\"width: 35.356%; height: 161px;\">4-10h period<\/td>\n<td style=\"width: 11.3673%; height: 161px; text-align: center;\"><span>40\u20ac<\/span><\/td>\n<td style=\"width: 11.3673%; text-align: center; height: 161px;\"><span>60\u20ac<\/span><\/td>\n<\/tr>\n<\/tbody>\n<\/table>\n<p style=\"text-align: center;\">Possible holiday surcharges are not included.<strong><\/strong><\/p>\n<p style=\"text-align: center;\">[\/et_pb_text][et_pb_text _builder_version=&#8221;4.27.4&#8243; _module_preset=&#8221;default&#8221; global_colors_info=&#8221;{}&#8221;]<\/p>\n<p style=\"text-align: center;\"><strong><\/strong><\/p>\n<p style=\"text-align: center;\"><strong>Ask for an offer for multiple dogs<\/strong><\/p>\n<p>[\/et_pb_text][et_pb_text _builder_version=&#8221;4.27.4&#8243; _module_preset=&#8221;default&#8221; background_color=&#8221;#b2d138&#8243; global_colors_info=&#8221;{}&#8221;]<\/p>\n<p style=\"text-align: center;\">Full board Mon-Sat \/ day<\/p>\n<table border=\"1\" style=\"border-collapse: collapse; width: 100%; height: 48px;\">\n<tbody>\n<tr style=\"height: 24px;\">\n<td style=\"width: 4.16667%; text-align: center; height: 24px;\"><span>60\u20ac \/ day<\/span><\/td>\n<\/tr>\n<\/tbody>\n<\/table>\n<p style=\"text-align: center;\">Possible holiday surcharges are not included.<strong><\/strong><\/p>\n<p style=\"text-align: center;\">[\/et_pb_text][et_pb_text _builder_version=&#8221;4.27.4&#8243; _module_preset=&#8221;default&#8221; background_color=&#8221;#b2d138&#8243; global_colors_info=&#8221;{}&#8221;]<\/p>\n<p style=\"text-align: center;\">Full board Sun \/ holiday<\/p>\n<table border=\"1\" style=\"border-collapse: collapse; width: 100%; height: 48px;\">\n<tbody>\n<tr style=\"height: 24px;\">\n<td style=\"width: 4.16667%; text-align: center; height: 24px;\"><span>72\u20ac \/ day<\/span><\/td>\n<\/tr>\n<\/tbody>\n<\/table>\n<p style=\"text-align: center;\">Price includes holiday surcharges<\/p>\n<p>[\/et_pb_text][et_pb_text _builder_version=&#8221;4.27.4&#8243; _module_preset=&#8221;default&#8221; background_color=&#8221;#b2d138&#8243; global_colors_info=&#8221;{}&#8221;]<\/p>\n<p style=\"text-align: center;\">Full board weekend Fri-Sun (incl. holiday surcharge)<\/p>\n<table border=\"1\" style=\"border-collapse: collapse; width: 100%; height: 24px;\">\n<tbody>\n<tr style=\"height: 24px;\">\n<td style=\"width: 4.16667%; text-align: center; height: 24px;\"><span>132\u20ac \/ weekend<\/span><\/td>\n<\/tr>\n<\/tbody>\n<\/table>\n<p>[\/et_pb_text][et_pb_text _builder_version=&#8221;4.27.4&#8243; _module_preset=&#8221;default&#8221; background_color=&#8221;#b2d138&#8243; global_colors_info=&#8221;{}&#8221;]<\/p>\n<p style=\"text-align: center;\">One week period (incl. holiday surcharge)<\/p>\n<table border=\"1\" style=\"border-collapse: collapse; width: 100%; height: 48px;\">\n<tbody>\n<tr style=\"height: 24px;\">\n<td style=\"width: 33.3333%; text-align: center; height: 24px;\"><span>432\u20ac \/ week<\/span><\/td>\n<\/tr>\n<\/tbody>\n<\/table>\n<p>[\/et_pb_text][\/et_pb_column][et_pb_column type=&#8221;1_2&#8243; _builder_version=&#8221;4.27.4&#8243; _module_preset=&#8221;default&#8221; global_colors_info=&#8221;{}&#8221;][et_pb_text _builder_version=&#8221;4.27.4&#8243; _module_preset=&#8221;default&#8221; global_colors_info=&#8221;{}&#8221;]<\/p>\n<p style=\"text-align: center;\"><span style=\"text-decoration: underline;\"><strong>CATS:<\/strong><\/span><\/p>\n<p>[\/et_pb_text][et_pb_text _builder_version=&#8221;4.27.4&#8243; _module_preset=&#8221;default&#8221; background_color=&#8221;#b2d138&#8243; global_colors_info=&#8221;{}&#8221;]<\/p>\n<p style=\"text-align: center;\">Daycare between 07-19<\/p>\n<table border=\"1\" style=\"border-collapse: collapse; width: 100%; height: 120px;\">\n<tbody>\n<tr style=\"height: 48px;\">\n<td style=\"width: 35.356%; height: 48px;\"><\/td>\n<td style=\"width: 11.3673%; height: 48px; text-align: center;\">One cat<\/td>\n<td style=\"width: 11.3673%; text-align: center;\">Multiple cats<\/td>\n<\/tr>\n<tr style=\"height: 24px;\">\n<td style=\"width: 35.356%; height: 24px;\">1-4h period<\/td>\n<td style=\"width: 11.3673%; height: 24px; text-align: center;\">20<span>\u20ac<\/span><\/td>\n<td style=\"width: 11.3673%; text-align: center;\">30<span>\u20ac<\/span><\/td>\n<\/tr>\n<tr style=\"height: 48px;\">\n<td style=\"width: 35.356%; height: 48px;\">4-10h period<\/td>\n<td style=\"width: 11.3673%; height: 48px; text-align: center;\"><span>35\u20ac<\/span><\/td>\n<td style=\"width: 11.3673%; text-align: center;\"><span>45\u20ac<\/span><\/td>\n<\/tr>\n<\/tbody>\n<\/table>\n<p style=\"text-align: center;\">Possible holiday surcharges are not included.<strong><\/strong><\/p>\n<p style=\"text-align: center;\">[\/et_pb_text][et_pb_text _builder_version=&#8221;4.27.4&#8243; _module_preset=&#8221;default&#8221; global_colors_info=&#8221;{}&#8221;]<\/p>\n<p style=\"text-align: center;\"><strong><\/strong><\/p>\n<p style=\"text-align: center;\"><strong>Ask for an offer for multiple cats<\/strong><\/p>\n<p>[\/et_pb_text][et_pb_text _builder_version=&#8221;4.27.4&#8243; _module_preset=&#8221;default&#8221; background_color=&#8221;#b2d138&#8243; global_colors_info=&#8221;{}&#8221;]<\/p>\n<p style=\"text-align: center;\">Full board Mon-Sat \/ day<\/p>\n<table border=\"1\" style=\"border-collapse: collapse; width: 100%; height: 48px;\">\n<tbody>\n<tr style=\"height: 24px;\">\n<td style=\"width: 33.3333%; text-align: center; height: 24px;\">\n<p>35<span>\u20ac \/ day<\/span><\/p>\n<p style=\"text-align: center;\">Possible holiday surcharges are not included.<strong><\/strong><\/p>\n<p style=\"text-align: center;\">\n<\/td>\n<\/tr>\n<\/tbody>\n<\/table>\n<p>[\/et_pb_text][et_pb_text _builder_version=&#8221;4.27.4&#8243; _module_preset=&#8221;default&#8221; background_color=&#8221;#b2d138&#8243; global_colors_info=&#8221;{}&#8221;]<\/p>\n<p style=\"text-align: center;\">Full board Sun \/ holiday<\/p>\n<table border=\"1\" style=\"border-collapse: collapse; width: 100%; height: 48px;\">\n<tbody>\n<tr style=\"height: 24px;\">\n<td style=\"width: 33.3333%; text-align: center; height: 24px;\"><span>42\u20ac \/ day<\/span><\/td>\n<\/tr>\n<\/tbody>\n<\/table>\n<p style=\"text-align: center;\">Price includes holiday surcharges<\/p>\n<p>[\/et_pb_text][et_pb_text _builder_version=&#8221;4.27.4&#8243; _module_preset=&#8221;default&#8221; background_color=&#8221;#b2d138&#8243; global_colors_info=&#8221;{}&#8221;]<\/p>\n<p style=\"text-align: center;\">Full board weekend Fri-Sun (incl. holiday surcharge)<\/p>\n<table border=\"1\" style=\"border-collapse: collapse; width: 100%; height: 24px;\">\n<tbody>\n<tr style=\"height: 24px;\">\n<td style=\"width: 4.16667%; text-align: center; height: 24px;\"><span>77\u20ac \/ weekend<\/span><\/td>\n<\/tr>\n<\/tbody>\n<\/table>\n<p>[\/et_pb_text][et_pb_text _builder_version=&#8221;4.27.4&#8243; _module_preset=&#8221;default&#8221; background_color=&#8221;#b2d138&#8243; global_colors_info=&#8221;{}&#8221;]<\/p>\n<p style=\"text-align: center;\">One week period (incl. holiday surcharge)<\/p>\n<table border=\"1\" style=\"border-collapse: collapse; width: 100%; height: 48px;\">\n<tbody>\n<tr style=\"height: 24px;\">\n<td style=\"width: 33.3333%; text-align: center; height: 24px;\"><span>252\u20ac \/ week<\/span><\/td>\n<\/tr>\n<\/tbody>\n<\/table>\n<p>[\/et_pb_text][\/et_pb_column][\/et_pb_row][et_pb_row _builder_version=&#8221;4.27.4&#8243; _module_preset=&#8221;default&#8221; background_enable_color=&#8221;off&#8221; min_height=&#8221;191.1px&#8221; global_colors_info=&#8221;{}&#8221;][et_pb_column type=&#8221;4_4&#8243; _builder_version=&#8221;4.27.4&#8243; _module_preset=&#8221;default&#8221; global_colors_info=&#8221;{}&#8221;][et_pb_text _builder_version=&#8221;4.27.4&#8243; _module_preset=&#8221;default&#8221; global_colors_info=&#8221;{}&#8221;]<\/p>\n<p style=\"text-align: center;\"><span style=\"text-decoration: underline;\"><strong>RABBITS &amp; GUINEA PIGS:<\/strong><\/span><\/p>\n<p>[\/et_pb_text][et_pb_text _builder_version=&#8221;4.27.4&#8243; _module_preset=&#8221;default&#8221; background_color=&#8221;#b2d138&#8243; global_colors_info=&#8221;{}&#8221;]<\/p>\n<p style=\"text-align: center;\">Full board Mon-Sun \/ day<\/p>\n<table border=\"1\" style=\"border-collapse: collapse; width: 100.323625%; margin-left: auto; margin-right: auto; height: 96px;\">\n<tbody>\n<tr style=\"height: 72px;\">\n<td style=\"width: 25%; text-align: center; height: 72px;\">One rabbit \/ guinea pig<\/td>\n<td style=\"width: 25%; text-align: center; height: 72px;\">Two rabbits \/ guinea pigs<\/td>\n<td style=\"width: 25%; text-align: center; height: 72px;\">Three rabbits \/ guinea pigs<\/td>\n<td style=\"width: 25.323625%; text-align: center; height: 72px;\">Four rabbits \/ guinea pigs<\/td>\n<\/tr>\n<tr style=\"height: 24px;\">\n<td style=\"width: 25%; text-align: center; height: 24px;\">24<span>\u20ac \/ day<\/span><\/td>\n<td style=\"width: 25%; text-align: center; height: 24px;\">43<span>\u20ac \/ day<\/span><\/td>\n<td style=\"width: 25%; height: 24px; text-align: center;\">60<span>\u20ac \/ day<\/span><\/td>\n<td style=\"width: 25.323625%; height: 24px; text-align: center;\">73<span>\u20ac \/ day<\/span><\/td>\n<\/tr>\n<\/tbody>\n<\/table>\n<p style=\"text-align: center;\">Possible holiday surcharges are not included.<strong><\/strong><\/p>\n<p style=\"text-align: center;\">[\/et_pb_text][et_pb_text _builder_version=&#8221;4.27.4&#8243; _module_preset=&#8221;default&#8221; background_color=&#8221;#b2d138&#8243; global_colors_info=&#8221;{}&#8221;]<\/p>\n<p style=\"text-align: center;\">One week period (incl. holiday surcharge)<\/p>\n<table border=\"1\" style=\"border-collapse: collapse; width: 100%; height: 72px; margin-left: auto; margin-right: auto;\">\n<tbody>\n<tr style=\"height: 48px;\">\n<td style=\"width: 25%; height: 48px; text-align: center;\">One rabbit \/ guinea pig<\/td>\n<td style=\"width: 25%; height: 48px; text-align: center;\">Two rabbits \/ guinea pigs<\/td>\n<td style=\"width: 25%; height: 48px; text-align: center;\">Three rabbits \/ guinea pigs<\/td>\n<td style=\"width: 25%; height: 48px; text-align: center;\">Four rabbits \/ guinea pigs<\/td>\n<\/tr>\n<tr style=\"height: 24px;\">\n<td style=\"width: 25%; height: 24px; text-align: center;\">168<span>\u20ac \/ week<\/span><\/td>\n<td style=\"width: 25%; height: 24px; text-align: center;\">301<span>\u20ac \/ week<\/span><\/td>\n<td style=\"width: 25%; height: 24px; text-align: center;\">420<span>\u20ac \/ week<\/span><\/td>\n<td style=\"width: 25%; height: 24px; text-align: center;\">511<span>\u20ac \/ week<\/span><\/td>\n<\/tr>\n<\/tbody>\n<\/table>\n<p style=\"text-align: center;\">Possible holiday surcharges are not included.<strong><\/strong><\/p>\n<p>[\/et_pb_text][et_pb_text _builder_version=&#8221;4.27.4&#8243; _module_preset=&#8221;default&#8221; min_height=&#8221;45px&#8221; custom_padding=&#8221;||0px|||&#8221; global_colors_info=&#8221;{}&#8221;]<\/p>\n<p style=\"text-align: center;\"><span style=\"text-decoration: underline;\"><strong>HAMSTERS &amp; GERBILS:<\/strong><\/span><\/p>\n<p>[\/et_pb_text][et_pb_text _builder_version=&#8221;4.27.4&#8243; _module_preset=&#8221;default&#8221; background_color=&#8221;#b2d138&#8243; global_colors_info=&#8221;{}&#8221;]<\/p>\n<p style=\"text-align: center;\">Full board Mon-Sun \/ day<\/p>\n<table border=\"1\" style=\"border-collapse: collapse; width: 100%;\">\n<tbody>\n<tr>\n<td style=\"width: 100%; text-align: center;\">20<span>\u20ac \/ day<\/span><\/td>\n<\/tr>\n<\/tbody>\n<\/table>\n<p style=\"text-align: center;\">Possible holiday surcharges are not included.<strong><\/strong><\/p>\n<p style=\"text-align: center;\">[\/et_pb_text][et_pb_text _builder_version=&#8221;4.27.4&#8243; _module_preset=&#8221;default&#8221; background_color=&#8221;#b2d138&#8243; global_colors_info=&#8221;{}&#8221;]<\/p>\n<p style=\"text-align: center;\">Viikon Ma-Su hoitojakso<\/p>\n<table border=\"1\" style=\"border-collapse: collapse; width: 100%;\">\n<tbody>\n<tr>\n<td style=\"width: 100%; text-align: center;\">144<span>\u20ac \/ week<\/span><\/td>\n<\/tr>\n<\/tbody>\n<\/table>\n<p style=\"text-align: center;\">Price includes 1x holiday surcharges<\/p>\n<p>[\/et_pb_text][et_pb_text _builder_version=&#8221;4.27.4&#8243; _module_preset=&#8221;default&#8221; background_color=&#8221;#b2d138&#8243; global_colors_info=&#8221;{}&#8221;]<\/p>\n<p style=\"text-align: center;\"><span style=\"text-decoration: underline;\"><strong>ADDITIONAL SERVICES:<\/strong><\/span><\/p>\n<p style=\"text-align: center;\"><span style=\"text-decoration: underline;\">Note! All additional services must be booked in advance!<\/span><\/p>\n<table border=\"1\" style=\"border-collapse: collapse; width: 100%; height: 96px;\">\n<tbody>\n<tr style=\"height: 24px;\">\n<td style=\"width: 50%; height: 24px;\">Transportation \/ Pickup<\/td>\n<td style=\"width: 50%; height: 24px; text-align: left;\">alk. 25<span>\u20ac\/h\u00a0 + 0,55\u20ac\/km<\/span><\/td>\n<\/tr>\n<tr style=\"height: 24px;\">\n<td style=\"width: 50%; height: 24px;\">Nail cutting<\/td>\n<td style=\"width: 50%; height: 24px; text-align: left;\">16<span>\u20ac<\/span><\/td>\n<\/tr>\n<tr style=\"height: 24px;\">\n<td style=\"width: 50%; height: 24px;\">Wash<\/td>\n<td style=\"width: 50%; height: 24px; text-align: left;\">from 35<span>\u20ac<\/span><\/td>\n<\/tr>\n<tr style=\"height: 24px;\">\n<td style=\"width: 50%; height: 24px;\">Wash + dry<\/td>\n<td style=\"width: 50%; height: 24px; text-align: left;\">from 55<span>\u20ac<\/span><\/td>\n<\/tr>\n<tr>\n<td style=\"width: 50%;\">Trim<\/td>\n<td style=\"width: 50%; text-align: left;\">from 55<span>\u20ac<\/span><\/td>\n<\/tr>\n<tr>\n<td style=\"width: 50%;\">Trim + wash<\/td>\n<td style=\"width: 50%; text-align: left;\">from 80<span>\u20ac<\/span><\/td>\n<\/tr>\n<\/tbody>\n<\/table>\n<p>[\/et_pb_text][et_pb_text _builder_version=&#8221;4.27.4&#8243; _module_preset=&#8221;default&#8221; min_height=&#8221;45px&#8221; custom_padding=&#8221;||0px|||&#8221; global_colors_info=&#8221;{}&#8221;]<\/p>\n<p style=\"text-align: center;\"><span style=\"text-decoration: underline;\"><strong>DOGS MONTHLY PASSES:<\/strong><\/span><\/p>\n<p>[\/et_pb_text][et_pb_text _builder_version=&#8221;4.27.4&#8243; _module_preset=&#8221;default&#8221; background_color=&#8221;#b2d138&#8243; global_colors_info=&#8221;{}&#8221;]<\/p>\n<p style=\"text-align: center;\"><span style=\"text-decoration: underline;\"><strong>Daycare-pass<\/strong><\/span><\/p>\n<p style=\"text-align: center;\"><strong><\/strong><strong>\u00a0 \u00a0 \u00a0 \u00a0 \u00a0 \u00a0 \u00a0 \u00a0 \u00a0 \u00a0 \u00a0 \u00a0 \u00a0 \u00a0 \u00a0 \u00a0 \u00a0 \u00a0 \u00a0 \u00a0 \u00a0 \u00a0 \u00a0 \u00a0 \u00a0 \u00a0 \u00a0 \u00a0 \u00a0 \u00a0 \u00a0 \u00a0 \u00a0 \u00a0 \u00a0 \u00a0 \u00a0 \u00a0 \u00a0 \u00a0 \u00a0 \u00a0 \u00a0 \u00a0 \u00a0 \u00a0 \u00a0 \u00a0 \u00a0 \u00a0 \u00a0 \u00a0Yksi<\/strong><strong> Koira\u00a0 \u00a0 \u00a0 \u00a0 \u00a0 \u00a0 \u00a0 \u00a0 \u00a0 \u00a0 \u00a0 \u00a0 \u00a0 \u00a0Useampikoira<\/strong><\/p>\n<table border=\"1\" style=\"height: 167px; width: 102.273%; border-collapse: collapse;\">\n<tbody>\n<tr style=\"height: 48px;\">\n<td style=\"width: 50%; height: 48px;\">8x daycare \/ month<\/td>\n<td style=\"width: 25%; height: 48px;\">288<span>\u20ac (36\u20ac\/day)<\/span><\/td>\n<td style=\"width: 25%;\">448\u20ac (p\u00e4iv\u00e4hinta 56\u20ac)<\/td>\n<\/tr>\n<tr style=\"height: 48px;\">\n<td style=\"width: 50%; height: 48px;\">12x daycare \/ month<\/td>\n<td style=\"width: 25%; height: 48px;\">384<span>\u20ac (32\u20ac\/day)<\/span><\/td>\n<td style=\"width: 25%;\">648\u20ac (p\u00e4iv\u00e4hinta 54\u20ac)<\/td>\n<\/tr>\n<tr style=\"height: 48px;\">\n<td style=\"width: 50%; height: 48px;\">20x daycare \/ month<\/td>\n<td style=\"width: 25%; height: 48px;\">560<span>\u20ac (28\u20ac\/day)<\/span><\/td>\n<td style=\"width: 25%;\">1000\u20ac (p\u00e4iv\u00e4hinta 50\u20ac)<\/td>\n<\/tr>\n<\/tbody>\n<\/table>\n<p style=\"text-align: center;\">*Daycare with the pass mon-fri 7-19. Cards must be paid in full at the time of purchase. Cards are valid 30days from the first use. The card's validity period cannot be extended. Change and cancellation policies apply.<\/p>\n<p>[\/et_pb_text][et_pb_text _builder_version=&#8221;4.27.4&#8243; _module_preset=&#8221;default&#8221; background_color=&#8221;#b2d138&#8243; global_colors_info=&#8221;{}&#8221;]<\/p>\n<p style=\"text-align: center;\"><span style=\"text-decoration: underline;\"><strong>Full board-pass<\/strong><\/span><\/p>\n<table border=\"1\" style=\"border-collapse: collapse; width: 100%; height: 72px;\">\n<tbody>\n<tr style=\"height: 24px;\">\n<td style=\"width: 33.3333%; height: 24px;\"><\/td>\n<td style=\"width: 33.3333%; height: 24px; text-align: center;\">One dog<\/td>\n<td style=\"width: 16.6667%; height: 24px; text-align: center;\">Two dogs<\/td>\n<td style=\"width: 16.6667%; text-align: center;\">Multiple dogs<\/td>\n<\/tr>\n<tr style=\"height: 24px;\">\n<td style=\"width: 33.3333%; height: 24px;\">4 days \/ month<\/td>\n<td style=\"width: 33.3333%; height: 24px; text-align: center;\">216<span>\u20ac <\/span><span>(54\u20ac\/day)<\/span><\/td>\n<td style=\"width: 16.6667%; height: 24px; text-align: center;\">408<span>\u20ac (102\u20ac\/day)<\/span><\/td>\n<td style=\"width: 16.6667%; text-align: center;\">584<span>\u20ac (<\/span>146<span>\u20ac\/day)<\/span><\/td>\n<\/tr>\n<tr style=\"height: 24px;\">\n<td style=\"width: 33.3333%; height: 24px;\">6 days \/ month<\/td>\n<td style=\"width: 33.3333%; height: 24px; text-align: center;\">312<span>\u20ac (52\u20ac\/day)<\/span><\/td>\n<td style=\"width: 16.6667%; height: 24px; text-align: center;\">588<span>\u20ac (98\u20ac\/day)<\/span><\/td>\n<td style=\"width: 16.6667%; text-align: center;\">846<span>\u20ac (141\u20ac\/day)<\/span><\/td>\n<\/tr>\n<\/tbody>\n<\/table>\n<p style=\"text-align: center;\">*Full board with the pass mon-sat (sundays are charged separately). Cards must be paid in full at the time of purchase. Cards are valid 30days from the first use. The card's validity period cannot be extended. Change and cancellation policies apply.<\/p>\n<p>[\/et_pb_text][\/et_pb_column][\/et_pb_row][\/et_pb_section]<\/p>","protected":false},"excerpt":{"rendered":"<p>Tutustu lemmikkihotellimme edullisiin ja kilpailukykyisiin hintoihin. Tarjoamme joustavia vaihtoehtoja, jotka sopivat kaikenlaisiin tarpeisiin. &nbsp;KOIRAT:P\u00e4iv\u00e4hoito klo 07-19 v\u00e4lill\u00e4 Yksi koira Useampi koira 1-4h jakso 25\u20ac 40\u20ac 4-10h jakso 40\u20ac 60\u20ac Hinnat eiv\u00e4t sis\u00e4ll\u00e4 mahdollisia pyh\u00e4korvauksia. Kysy Tarjous useammasta KoirastaT\u00e4ysihoito Ma-La \/ vuorokausi 60\u20ac \/ vrk Hinta ei sis\u00e4ll\u00e4 mahdollista pyh\u00e4korvausta. T\u00e4ysihoito Su\u00a0 \/ Pyh\u00e4 72\u20ac \/ [&hellip;]<\/p>","protected":false},"author":2,"featured_media":0,"parent":0,"menu_order":0,"comment_status":"closed","ping_status":"closed","template":"","meta":{"_acf_changed":false,"_et_pb_use_builder":"on","_et_pb_old_content":"","_et_gb_content_width":"","footnotes":""},"class_list":["post-1696","page","type-page","status-publish","hentry"],"acf":[],"_links":{"self":[{"href":"https:\/\/tassut.fi\/en\/wp-json\/wp\/v2\/pages\/1696","targetHints":{"allow":["GET"]}}],"collection":[{"href":"https:\/\/tassut.fi\/en\/wp-json\/wp\/v2\/pages"}],"about":[{"href":"https:\/\/tassut.fi\/en\/wp-json\/wp\/v2\/types\/page"}],"author":[{"embeddable":true,"href":"https:\/\/tassut.fi\/en\/wp-json\/wp\/v2\/users\/2"}],"replies":[{"embeddable":true,"href":"https:\/\/tassut.fi\/en\/wp-json\/wp\/v2\/comments?post=1696"}],"version-history":[{"count":24,"href":"https:\/\/tassut.fi\/en\/wp-json\/wp\/v2\/pages\/1696\/revisions"}],"predecessor-version":[{"id":2263,"href":"https:\/\/tassut.fi\/en\/wp-json\/wp\/v2\/pages\/1696\/revisions\/2263"}],"wp:attachment":[{"href":"https:\/\/tassut.fi\/en\/wp-json\/wp\/v2\/media?parent=1696"}],"curies":[{"name":"wp","href":"https:\/\/api.w.org\/{rel}","templated":true}]}}