{"id":700,"date":"2024-09-05T10:52:25","date_gmt":"2024-09-05T10:52:25","guid":{"rendered":"https:\/\/tassut.fi\/?page_id=700"},"modified":"2026-01-15T14:45:27","modified_gmt":"2026-01-15T12:45:27","slug":"kissahotelli","status":"publish","type":"page","link":"https:\/\/tassut.fi\/en\/kissahotelli\/","title":{"rendered":"Cat Hotel"},"content":{"rendered":"<p>[et_pb_section fb_built=&#8221;1&#8243; fullwidth=&#8221;on&#8221; _builder_version=&#8221;4.27.0&#8243; _module_preset=&#8221;default&#8221; background_enable_color=&#8221;off&#8221; background_enable_image=&#8221;off&#8221; background_blend=&#8221;overlay&#8221; global_colors_info=&#8221;{}&#8221;][et_pb_fullwidth_header title=&#8221;Kissahotelli Helsingiss\u00e4&#8221; text_orientation=&#8221;center&#8221; button_one_url=&#8221;#palvelut&#8221; content_max_width=&#8221;82%&#8221; content_max_width_tablet=&#8221;82%&#8221; content_max_width_phone=&#8221;100%&#8221; content_max_width_last_edited=&#8221;on|phone&#8221; _builder_version=&#8221;4.27.4&#8243; _module_preset=&#8221;default&#8221; title_text_color=&#8221;#faf6e6&#8243; content_text_color=&#8221;#faf6e6&#8243; background_color=&#8221;rgba(0,18,30,0.53)&#8221; background_image=&#8221;https:\/\/tassut.fi\/wp-content\/uploads\/2024\/09\/Screenshot-2024-09-09-at-21.19.20.png&#8221; background_blend=&#8221;overlay&#8221; custom_button_one=&#8221;on&#8221; button_one_text_size=&#8221;18px&#8221; button_one_text_color=&#8221;#000000&#8243; button_one_bg_color=&#8221;#b2d138&#8243; button_one_border_width=&#8221;0px&#8221; button_one_border_radius=&#8221;21px&#8221; width_tablet=&#8221;&#8221; width_phone=&#8221;100%&#8221; width_last_edited=&#8221;on|phone&#8221; custom_margin_tablet=&#8221;&#8221; custom_margin_phone=&#8221;|0px||0px|false|true&#8221; custom_margin_last_edited=&#8221;on|phone&#8221; custom_padding=&#8221;260px||110px||false|false&#8221; custom_padding_tablet=&#8221;200px||160px||false|false&#8221; custom_padding_phone=&#8221;120px|0px|57px|0px|false|true&#8221; custom_padding_last_edited=&#8221;on|phone&#8221; title_font_size_tablet=&#8221;&#8221; title_font_size_phone=&#8221;36px&#8221; title_font_size_last_edited=&#8221;on|phone&#8221; global_colors_info=&#8221;{}&#8221;]<\/p>\n<p>&nbsp;<\/p>\n<p>Tassu &amp; Tassu Cat Hotel in Helsinki offers a calm and loving environment where your cat will receive all the care it needs.<\/p>\n<p>&nbsp;<\/p>\n<p>For safety reasons, only cats from the same family will stay in the same room.<\/p>\n<p>&nbsp;<\/p>\n<p>[\/et_pb_fullwidth_header][\/et_pb_section][et_pb_section fb_built=&#8221;1&#8243; fullwidth=&#8221;on&#8221; _builder_version=&#8221;4.27.4&#8243; _module_preset=&#8221;default&#8221; global_colors_info=&#8221;{}&#8221; theme_builder_area=&#8221;post_content&#8221;][et_pb_fullwidth_code _builder_version=&#8221;4.27.4&#8243; _module_preset=&#8221;default&#8221; global_colors_info=&#8221;{}&#8221; theme_builder_area=&#8221;post_content&#8221;]<!-- Groweo SmartFlow --><!-- [et_pb_line_break_holder] --><\/p>\n<div class=\"gw-smartflow\" id=\"gw-smartflow\"><!-- [et_pb_line_break_holder] --><script src=\"https:\/\/engine.groweo.com\/smartFlow\/script.js\" data-cookieconsent=\"ignore\"><\/script><!-- [et_pb_line_break_holder] --><iframe id=\"6929999b514d73e462051e11-6909f3ae3a1b256ea0909d5f-smartflow-inpage\" <!--no numeric noise key 1010-->    src=&#8221;https:\/\/engine.groweo.com\/smartFlow\/?url=https:\/\/engine.groweo.com\/api\/6909f3ae3a1b256ea0909d5f\/6929999b514d73e462051e11&#038;publishUrl=https:\/\/engine.groweo.com\/api\/session\/response&#038;workspaceId=6909f3ae3a1b256ea0909d5f&#038;moduleId=6929999b514d73e462051e11&#038;inPage=true&#038;isPreview=false&#038;language=fi&#8221; <!-- [et_pb_line_break_holder] -->    lang=&#8221;fi&#8221;<!-- [et_pb_line_break_holder] -->    title=&#8221;groweoapp &#8211; smartflow&#8221;<!-- [et_pb_line_break_holder] -->    data-apptype=&#8221;smartflow&#8221;<!-- [et_pb_line_break_holder] -->    data-test-id=&#8221;smartflow-main-iframe&#8221;<!-- [et_pb_line_break_holder] -->    height=100% width=&#8221;100%&#8221; frameborder=&#8221;0&#8243; scrolling=&#8221;auto&#8221;><!-- [et_pb_line_break_holder] --><\/iframe><!-- [et_pb_line_break_holder] --><\/div>\n<p><!-- [et_pb_line_break_holder] --><!-- [et_pb_line_break_holder] --><!-- End of Groweo SmartFlow -->[\/et_pb_fullwidth_code][\/et_pb_section][et_pb_section fb_built=&#8221;1&#8243; _builder_version=&#8221;4.27.0&#8243; _module_preset=&#8221;default&#8221; custom_padding=&#8221;63px||60px|||&#8221; global_colors_info=&#8221;{}&#8221;][et_pb_row _builder_version=&#8221;4.27.0&#8243; _module_preset=&#8221;default&#8221; width_tablet=&#8221;&#8221; width_phone=&#8221;&#8221; width_last_edited=&#8221;on|tablet&#8221; custom_margin=&#8221;||36px||false|false&#8221; custom_margin_tablet=&#8221;||36px||false|false&#8221; custom_margin_phone=&#8221;||36px||false|false&#8221; custom_margin_last_edited=&#8221;on|phone&#8221; global_colors_info=&#8221;{}&#8221;][et_pb_column type=&#8221;4_4&#8243; _builder_version=&#8221;4.27.0&#8243; _module_preset=&#8221;default&#8221; global_colors_info=&#8221;{}&#8221;][et_pb_text _builder_version=&#8221;4.27.4&#8243; _module_preset=&#8221;default&#8221; header_2_text_align=&#8221;center&#8221; header_2_font_size=&#8221;45px&#8221; header_2_line_height=&#8221;1.2em&#8221; width=&#8221;86%&#8221; width_tablet=&#8221;100%&#8221; width_phone=&#8221;100%&#8221; width_last_edited=&#8221;on|tablet&#8221; module_alignment=&#8221;center&#8221; custom_margin=&#8221;24px|||||&#8221; header_2_font_size_tablet=&#8221;40px&#8221; header_2_font_size_phone=&#8221;28px&#8221; header_2_font_size_last_edited=&#8221;on|phone&#8221; global_colors_info=&#8221;{}&#8221;]<\/p>\n<h2>Why choose Tassu &amp; Tassu?<\/h2>\n<p>[\/et_pb_text][et_pb_text _builder_version=&#8221;4.27.4&#8243; _module_preset=&#8221;default&#8221; text_orientation=&#8221;center&#8221; width=&#8221;62%&#8221; width_tablet=&#8221;100%&#8221; width_phone=&#8221;100%&#8221; width_last_edited=&#8221;on|phone&#8221; module_alignment=&#8221;center&#8221; global_colors_info=&#8221;{}&#8221;]<\/p>\n<p>By selecting a specialized cat hotel like Pet Hotel Tassu &amp; Tassu, you ensure that your cat receives the best possible care while you're away. Our cat hotel provides a secure and cozy environment where your cat can relax and enjoy its time. Our professional staff understands the unique needs and behaviors of cats, ensuring that each cat receives individualized and attentive service.<\/p>\n<p>Our cat hotel is designed with the well-being of cats in mind. We have spacious and peaceful accommodations that allow for natural cat behaviors, such as climbing and observing.\u00a0<\/p>\n<p>[\/et_pb_text][\/et_pb_column][\/et_pb_row][et_pb_row column_structure=&#8221;1_3,1_3,1_3&#8243; use_custom_gutter=&#8221;on&#8221; gutter_width=&#8221;2&#8243; _builder_version=&#8221;4.27.0&#8243; _module_preset=&#8221;default&#8221; width=&#8221;85%&#8221; width_tablet=&#8221;100%&#8221; width_phone=&#8221;85%&#8221; width_last_edited=&#8221;on|phone&#8221; max_width=&#8221;1341px&#8221; custom_margin=&#8221;28px|auto||auto||&#8221; global_colors_info=&#8221;{}&#8221;][et_pb_column type=&#8221;1_3&#8243; _builder_version=&#8221;4.27.0&#8243; _module_preset=&#8221;default&#8221; global_colors_info=&#8221;{}&#8221;][et_pb_blurb title=&#8221;Koulutettu henkil\u00f6kunta&#8221; image=&#8221;https:\/\/tassut.fi\/wp-content\/uploads\/2024\/08\/Mask-Group-18.png&#8221; image_icon_width=&#8221;45%&#8221; _builder_version=&#8221;4.27.4&#8243; _module_preset=&#8221;default&#8221; header_text_align=&#8221;center&#8221; header_font_size=&#8221;25px&#8221; header_line_height=&#8221;1.2em&#8221; body_text_align=&#8221;center&#8221; body_font_size=&#8221;17px&#8221; header_font_size_tablet=&#8221;25px&#8221; header_font_size_phone=&#8221;22px&#8221; header_font_size_last_edited=&#8221;on|phone&#8221; global_colors_info=&#8221;{}&#8221;]<\/p>\n<p class=\"translation-block\">We always have a trained staff member on site during opening hours. Your pet's safety is our priority, and you can bring your pet to us for care with peace of mind.<\/p>\n<p>[\/et_pb_blurb][\/et_pb_column][et_pb_column type=&#8221;1_3&#8243; _builder_version=&#8221;4.27.0&#8243; _module_preset=&#8221;default&#8221; global_colors_info=&#8221;{}&#8221;][et_pb_blurb title=&#8221;Hotellin ruoka&#8221; image=&#8221;https:\/\/tassut.fi\/wp-content\/uploads\/2024\/08\/Mask-Group-20.png&#8221; image_icon_width=&#8221;45%&#8221; _builder_version=&#8221;4.27.4&#8243; _module_preset=&#8221;default&#8221; header_text_align=&#8221;center&#8221; header_font_size=&#8221;25px&#8221; header_line_height=&#8221;1.2em&#8221; body_text_align=&#8221;center&#8221; body_font_size=&#8221;17px&#8221; header_font_size_tablet=&#8221;25px&#8221; header_font_size_phone=&#8221;22px&#8221; header_font_size_last_edited=&#8221;on|phone&#8221; global_colors_info=&#8221;{}&#8221;]<\/p>\n<p>Our hotel offers Brit Premium by Nature dry food and Primacat wet food for cats. If you prefer, you can bring your own food and\/or treats. We also have food and treats available for purchase.<\/p>\n<p>[\/et_pb_blurb][\/et_pb_column][et_pb_column type=&#8221;1_3&#8243; _builder_version=&#8221;4.27.0&#8243; _module_preset=&#8221;default&#8221; global_colors_info=&#8221;{}&#8221;][et_pb_blurb title=&#8221;Turvallisuus etusijalla&#8221; image=&#8221;https:\/\/tassut.fi\/wp-content\/uploads\/2024\/08\/Mask-Group-19.png&#8221; image_icon_width=&#8221;45%&#8221; _builder_version=&#8221;4.27.4&#8243; _module_preset=&#8221;default&#8221; header_text_align=&#8221;center&#8221; header_font_size=&#8221;25px&#8221; header_line_height=&#8221;1.2em&#8221; body_text_align=&#8221;center&#8221; body_font_size=&#8221;17px&#8221; header_font_size_tablet=&#8221;25px&#8221; header_font_size_phone=&#8221;22px&#8221; header_font_size_last_edited=&#8221;on|phone&#8221; global_colors_info=&#8221;{}&#8221;]<\/p>\n<p>Our hotel has CCTV surveillance in both the indoor areas and the outdoor enclosure. Additionally, our hotel has an extensive fire and carbon monoxide warning system, which is connected to a 24\/7 emergency service. Occasionally, there is also a night guard at the hotel.<\/p>\n<p>[\/et_pb_blurb][\/et_pb_column][\/et_pb_row][\/et_pb_section][et_pb_section fb_built=&#8221;1&#8243; _builder_version=&#8221;4.27.0&#8243; _module_preset=&#8221;default&#8221; background_enable_color=&#8221;off&#8221; global_colors_info=&#8221;{}&#8221;][et_pb_row column_structure=&#8221;1_2,1_2&#8243; _builder_version=&#8221;4.27.0&#8243; _module_preset=&#8221;default&#8221; width=&#8221;81%&#8221; global_colors_info=&#8221;{}&#8221;][et_pb_column type=&#8221;1_2&#8243; _builder_version=&#8221;4.27.0&#8243; _module_preset=&#8221;default&#8221; global_colors_info=&#8221;{}&#8221;][et_pb_image src=&#8221;https:\/\/tassut.fi\/wp-content\/uploads\/2024\/09\/Screenshot-2024-09-09-at-21.18.43.png&#8221; title_text=&#8221;Screenshot 2024-09-09 at 21.18.43&#8243; _builder_version=&#8221;4.27.0&#8243; _module_preset=&#8221;default&#8221; custom_margin=&#8221;59px|||||&#8221; global_colors_info=&#8221;{}&#8221;][\/et_pb_image][\/et_pb_column][et_pb_column type=&#8221;1_2&#8243; _builder_version=&#8221;4.27.0&#8243; _module_preset=&#8221;default&#8221; global_colors_info=&#8221;{}&#8221;][et_pb_text _builder_version=&#8221;4.27.4&#8243; _module_preset=&#8221;default&#8221; header_text_align=&#8221;left&#8221; header_2_font_size=&#8221;45px&#8221; header_2_line_height=&#8221;1.2em&#8221; width=&#8221;100%&#8221; module_alignment=&#8221;right&#8221; custom_margin=&#8221;51px|||||&#8221; custom_margin_tablet=&#8221;51px|||||&#8221; custom_margin_phone=&#8221;0px||||false|false&#8221; custom_margin_last_edited=&#8221;on|phone&#8221; header_2_font_size_tablet=&#8221;40px&#8221; header_2_font_size_phone=&#8221;28px&#8221; header_2_font_size_last_edited=&#8221;on|phone&#8221; global_colors_info=&#8221;{}&#8221;]<\/p>\n<h2 style=\"text-align: left;\">Preparing for your cat's stay<\/h2>\n<p>[\/et_pb_text][et_pb_text _builder_version=&#8221;4.27.4&#8243; _module_preset=&#8221;default&#8221; header_3_font_size=&#8221;23px&#8221; header_3_line_height=&#8221;1.3em&#8221; width=&#8221;100%&#8221; global_colors_info=&#8221;{}&#8221;]<\/p>\n<p>When you bring your cat to Pet Hotel Tassu &amp; Tassu, we want to ensure that the entire experience is as smooth and pleasant as possible for both you and your cat.<\/p>\n<p>[\/et_pb_text][et_pb_text _builder_version=&#8221;4.27.4&#8243; _module_preset=&#8221;default&#8221; header_3_font_size=&#8221;23px&#8221; header_3_line_height=&#8221;1.3em&#8221; width=&#8221;100%&#8221; global_colors_info=&#8221;{}&#8221;]<\/p>\n<h2>Daily routine \u2013 Professional care<\/h2>\n<p>The daily routine for cats includes high-quality nutrition, active playtime, and continuous cleaning. We also ensure that any medications are administered according to the instructions you provide.<\/p>\n<p>At Pet Hotel Tassu &amp; Tassu, every cat receives attention, love, and care tailored to their individual needs.<\/p>\n<p>[\/et_pb_text][et_pb_text _builder_version=&#8221;4.27.4&#8243; _module_preset=&#8221;default&#8221; header_3_font_size=&#8221;23px&#8221; header_3_line_height=&#8221;1.3em&#8221; width=&#8221;100%&#8221; global_colors_info=&#8221;{}&#8221;]<\/p>\n<h2>What to pack \u2013 Considering your cat's needs<\/h2>\n<p>You can pack your cat's familiar items, such as toys or blankets, that provide comfort and security.<\/p>\n<p>If your cat has a special diet or medication, please remember to bring these as well. It is important to inform the cat hotel in advance about any special needs.<\/p>\n<p>[\/et_pb_text][\/et_pb_column][\/et_pb_row][\/et_pb_section][et_pb_section fb_built=&#8221;1&#8243; disabled_on=&#8221;off|off|off&#8221; _builder_version=&#8221;4.27.0&#8243; _module_preset=&#8221;default&#8221; custom_padding=&#8221;||71px|||&#8221; global_colors_info=&#8221;{}&#8221;][et_pb_row _builder_version=&#8221;4.27.0&#8243; _module_preset=&#8221;default&#8221; custom_margin=&#8221;|auto|36px|auto||&#8221; global_colors_info=&#8221;{}&#8221;][et_pb_column type=&#8221;4_4&#8243; _builder_version=&#8221;4.27.0&#8243; _module_preset=&#8221;default&#8221; global_colors_info=&#8221;{}&#8221;][et_pb_text _builder_version=&#8221;4.27.0&#8243; _module_preset=&#8221;default&#8221; header_2_text_align=&#8221;center&#8221; header_2_font_size=&#8221;45px&#8221; header_2_line_height=&#8221;1.2em&#8221; width=&#8221;86%&#8221; width_tablet=&#8221;100%&#8221; width_phone=&#8221;100%&#8221; width_last_edited=&#8221;on|phone&#8221; module_alignment=&#8221;center&#8221; custom_margin=&#8221;24px|||||&#8221; header_2_font_size_tablet=&#8221;45px&#8221; header_2_font_size_phone=&#8221;28px&#8221; header_2_font_size_last_edited=&#8221;on|phone&#8221; global_colors_info=&#8221;{}&#8221;]<\/p>\n<h2>See photos of our facilities!<\/h2>\n<p>[\/et_pb_text][et_pb_text _builder_version=&#8221;4.27.0&#8243; _module_preset=&#8221;default&#8221; text_orientation=&#8221;center&#8221; width=&#8221;62%&#8221; width_tablet=&#8221;100%&#8221; width_phone=&#8221;100%&#8221; width_last_edited=&#8221;on|phone&#8221; module_alignment=&#8221;center&#8221; global_colors_info=&#8221;{}&#8221;]<\/p>\n<p>All animals have their own rooms. For safety reasons, only pets from the same family stay in the same space.\u00a0<\/p>\n<p>[\/et_pb_text][\/et_pb_column][\/et_pb_row][et_pb_row column_structure=&#8221;1_2,1_2&#8243; use_custom_gutter=&#8221;on&#8221; gutter_width=&#8221;2&#8243; _builder_version=&#8221;4.27.0&#8243; _module_preset=&#8221;default&#8221; global_colors_info=&#8221;{}&#8221;][et_pb_column type=&#8221;1_2&#8243; _builder_version=&#8221;4.27.0&#8243; _module_preset=&#8221;default&#8221; global_colors_info=&#8221;{}&#8221;][et_pb_image src=&#8221;https:\/\/tassut.fi\/wp-content\/uploads\/2025\/05\/WhatsApp-Image-2025-05-12-at-14.10.38.jpeg&#8221; title_text=&#8221;WhatsApp Image 2025-05-12 at 14.10.38&#8243; _builder_version=&#8221;4.27.4&#8243; _module_preset=&#8221;default&#8221; global_colors_info=&#8221;{}&#8221;][\/et_pb_image][et_pb_image src=&#8221;https:\/\/tassut.fi\/wp-content\/uploads\/2025\/05\/WhatsApp-Image-2025-05-12-at-14.10.38-1.jpeg&#8221; title_text=&#8221;WhatsApp Image 2025-05-12 at 14.10.38 (1)&#8221; _builder_version=&#8221;4.27.4&#8243; _module_preset=&#8221;default&#8221; global_colors_info=&#8221;{}&#8221;][\/et_pb_image][\/et_pb_column][et_pb_column type=&#8221;1_2&#8243; _builder_version=&#8221;4.27.0&#8243; _module_preset=&#8221;default&#8221; global_colors_info=&#8221;{}&#8221;][et_pb_image src=&#8221;https:\/\/tassut.fi\/wp-content\/uploads\/2025\/05\/WhatsApp-Image-2025-05-12-at-14.10.39.jpeg&#8221; title_text=&#8221;WhatsApp Image 2025-05-12 at 14.10.39&#8243; _builder_version=&#8221;4.27.4&#8243; _module_preset=&#8221;default&#8221; global_colors_info=&#8221;{}&#8221;][\/et_pb_image][et_pb_image src=&#8221;https:\/\/tassut.fi\/wp-content\/uploads\/2025\/05\/5M1A0354.jpg&#8221; title_text=&#8221;5M1A0354&#8243; _builder_version=&#8221;4.27.4&#8243; _module_preset=&#8221;default&#8221; global_colors_info=&#8221;{}&#8221;][\/et_pb_image][\/et_pb_column][\/et_pb_row][\/et_pb_section]<\/p>","protected":false},"excerpt":{"rendered":"<p>&nbsp; Tassu &amp; Tassu Kissahotelli Helsingiss\u00e4 tarjoaa rauhallisen ja rakastavan ymp\u00e4rist\u00f6n, jossa kissasi saa kaiken tarvitsemansa huolenpidon. &nbsp; Turvallisuussyist\u00e4 vain saman perheen kissat majoittuvat samassa huoneessa. &nbsp;Miksi valita Tassu &amp; Tassu?Valitsemalla erikoistuneen kissahotellin, kuten Lemmikkihotelli Tassu &amp; Tassu, varmistat, ett\u00e4 kissasi saa parasta mahdollista hoitoa poissaollessasi. Kissahotellimme tarjoaa turvallisen ja viihtyis\u00e4n ymp\u00e4rist\u00f6n, jossa kissasi voi [&hellip;]<\/p>","protected":false},"author":1,"featured_media":0,"parent":0,"menu_order":0,"comment_status":"closed","ping_status":"closed","template":"","meta":{"_acf_changed":false,"_et_pb_use_builder":"on","_et_pb_old_content":"","_et_gb_content_width":"","footnotes":""},"class_list":["post-700","page","type-page","status-publish","hentry"],"acf":[],"_links":{"self":[{"href":"https:\/\/tassut.fi\/en\/wp-json\/wp\/v2\/pages\/700","targetHints":{"allow":["GET"]}}],"collection":[{"href":"https:\/\/tassut.fi\/en\/wp-json\/wp\/v2\/pages"}],"about":[{"href":"https:\/\/tassut.fi\/en\/wp-json\/wp\/v2\/types\/page"}],"author":[{"embeddable":true,"href":"https:\/\/tassut.fi\/en\/wp-json\/wp\/v2\/users\/1"}],"replies":[{"embeddable":true,"href":"https:\/\/tassut.fi\/en\/wp-json\/wp\/v2\/comments?post=700"}],"version-history":[{"count":62,"href":"https:\/\/tassut.fi\/en\/wp-json\/wp\/v2\/pages\/700\/revisions"}],"predecessor-version":[{"id":2073,"href":"https:\/\/tassut.fi\/en\/wp-json\/wp\/v2\/pages\/700\/revisions\/2073"}],"wp:attachment":[{"href":"https:\/\/tassut.fi\/en\/wp-json\/wp\/v2\/media?parent=700"}],"curies":[{"name":"wp","href":"https:\/\/api.w.org\/{rel}","templated":true}]}}